{"id":4914,"date":"2023-07-02T19:51:34","date_gmt":"2023-07-02T22:51:34","guid":{"rendered":"https:\/\/expokcol.com\/?page_id=4914"},"modified":"2023-07-06T15:43:29","modified_gmt":"2023-07-06T18:43:29","slug":"distribuciones-y-propuestra-comercial","status":"publish","type":"page","link":"https:\/\/kalvincoffeemaquinaria.com\/?page_id=4914","title":{"rendered":"Distribuciones y Propuestra Comercial"},"content":{"rendered":"\t\t<div data-elementor-type=\"wp-page\" data-elementor-id=\"4914\" class=\"elementor elementor-4914\">\n\t\t\t\t\t\t<section class=\"elementor-section elementor-top-section elementor-element elementor-element-fc7d12 elementor-section-content-middle elementor-section-boxed elementor-section-height-default elementor-section-height-default\" data-id=\"fc7d12\" data-element_type=\"section\">\n\t\t\t\t\t\t<div class=\"elementor-container elementor-column-gap-default\">\n\t\t\t\t\t<div class=\"elementor-column elementor-col-50 elementor-top-column elementor-element elementor-element-33ef3941\" data-id=\"33ef3941\" data-element_type=\"column\">\n\t\t\t<div class=\"elementor-widget-wrap elementor-element-populated\">\n\t\t\t\t\t\t<div class=\"elementor-element elementor-element-3f7e5767 elementor-widget elementor-widget-heading\" data-id=\"3f7e5767\" data-element_type=\"widget\" data-widget_type=\"heading.default\">\n\t\t\t\t<div class=\"elementor-widget-container\">\n\t\t\t\t\t<h2 class=\"elementor-heading-title elementor-size-default\">Distribuciones de Colombia Propuestra Comercial<\/h2>\t\t\t\t<\/div>\n\t\t\t\t<\/div>\n\t\t\t\t<div class=\"elementor-element elementor-element-1a08493b elementor-widget elementor-widget-text-editor\" data-id=\"1a08493b\" data-element_type=\"widget\" data-widget_type=\"text-editor.default\">\n\t\t\t\t<div class=\"elementor-widget-container\">\n\t\t\t\t\t\t\t\t\t<ul><li>Contrato de Distribuidor Independiente<\/li><li>Lineas de Producto<\/li><li>Beneficios para el Distribuidor<\/li><li>Compromiso del Distribuidor<\/li><li>Lista de Precios para el Distribuidor con 30% incluido (el distribuidor tendra libertad de precio para salir al mercado en su zona)<\/li><li>Beneficios para la distruibuidora\u00a0<\/li><li>Contrato de distribucion a 5 a\u00f1os\u00a0<\/li><li>Precios especiales para penetrar el mercado nacional por 1 a\u00f1o\u00a0<\/li><li>Asesor\u00eda en el manejo\u00a0 y rodaje del negocio\u00a0<\/li><li>Capacitaciones en cafe especiales\u00a0<\/li><li>Apoyo en publicidad y marketing para la penetraci\u00f3n del mercado<\/li><li>Material POP para pegara las tiendas\u00a0<\/li><li>Muestras gratis para los clientes segun existencias y necesidades<\/li><li>Cafetera para degustacion en calidad de comodato\u00a0<\/li><li>50% decosto de los uniformes paralos empleados\u00a0<\/li><li>Cambio de averias y producto vencido o por deterioro\u00a0<\/li><li>Auxilio de vendedor $400.000 solo tres meses si compra un minimo de 10 millones al inicio del contrato<\/li><li>Bonos de regalo para vendedores si cumple metas<\/li><li>Asesoria crear una empresa<\/li><li>Mueble para promocion,degustacion, en calidad de comodato<\/li><li>Promociones de lanzamiento de la marca\u00a0<\/li><li>Ofertas mes a mes segun pedidos y comportamiento del mercado<\/li><li>pago\u00a0 de bolsas vacias 20n bolsas de cada presentacion en 50, 125, 250, 500 gr, una gratis. 30 de 250gr una gratis.<\/li><li>Sticker interno ganador gorras, camisetas, chalecos, delantales,productos\u00a0\u00a0<\/li><\/ul>\t\t\t\t\t\t\t\t<\/div>\n\t\t\t\t<\/div>\n\t\t\t\t\t<\/div>\n\t\t<\/div>\n\t\t\t\t<div class=\"elementor-column elementor-col-50 elementor-top-column elementor-element elementor-element-867b80f\" data-id=\"867b80f\" data-element_type=\"column\">\n\t\t\t<div class=\"elementor-widget-wrap elementor-element-populated\">\n\t\t\t\t\t\t<div class=\"elementor-element elementor-element-28790ee6 elementor-widget elementor-widget-image\" data-id=\"28790ee6\" data-element_type=\"widget\" data-widget_type=\"image.default\">\n\t\t\t\t<div class=\"elementor-widget-container\">\n\t\t\t\t\t\t\t\t\t\t\t\t\t\t\t\t<a href=\"https:\/\/kalvincoffeemaquinaria.com\/?post_type=product\">\n\t\t\t\t\t\t\t<img fetchpriority=\"high\" decoding=\"async\" width=\"1024\" height=\"922\" src=\"https:\/\/kalvincoffeemaquinaria.com\/wp-content\/uploads\/2022\/08\/WhatsApp-Image-2022-08-25-at-8.46.21-AM.jpeg\" class=\"attachment-large size-large wp-image-4687\" alt=\"\" srcset=\"https:\/\/kalvincoffeemaquinaria.com\/wp-content\/uploads\/2022\/08\/WhatsApp-Image-2022-08-25-at-8.46.21-AM.jpeg 1140w, https:\/\/kalvincoffeemaquinaria.com\/wp-content\/uploads\/2022\/08\/WhatsApp-Image-2022-08-25-at-8.46.21-AM-650x585.jpeg 650w\" sizes=\"(max-width: 1024px) 100vw, 1024px\" \/>\t\t\t\t\t\t\t\t<\/a>\n\t\t\t\t\t\t\t\t\t\t\t\t\t\t\t<\/div>\n\t\t\t\t<\/div>\n\t\t\t\t\t<\/div>\n\t\t<\/div>\n\t\t\t\t\t<\/div>\n\t\t<\/section>\n\t\t\t\t<section class=\"elementor-section elementor-top-section elementor-element elementor-element-5606b7f2 elementor-section-boxed elementor-section-height-default elementor-section-height-default\" data-id=\"5606b7f2\" data-element_type=\"section\">\n\t\t\t\t\t\t<div class=\"elementor-container elementor-column-gap-default\">\n\t\t\t\t\t<div class=\"elementor-column elementor-col-100 elementor-top-column elementor-element elementor-element-473114f5\" data-id=\"473114f5\" data-element_type=\"column\">\n\t\t\t<div class=\"elementor-widget-wrap elementor-element-populated\">\n\t\t\t\t\t\t<div class=\"elementor-element elementor-element-7d5f9edd elementor-align-center elementor-widget elementor-widget-button\" data-id=\"7d5f9edd\" data-element_type=\"widget\" data-widget_type=\"button.default\">\n\t\t\t\t<div class=\"elementor-widget-container\">\n\t\t\t\t\t\t\t\t\t<div class=\"elementor-button-wrapper\">\n\t\t\t\t\t<a class=\"elementor-button elementor-button-link elementor-size-xl\" href=\"https:\/\/kalvincoffeemaquinaria.com\/?product_cat=maquinaria-y-equipos\" id=\"https:\/\/kalvincoffeemaquinaria.com\/?product_cat=maquinaria-y-equipos\">\n\t\t\t\t\t\t<span class=\"elementor-button-content-wrapper\">\n\t\t\t\t\t\t\t\t\t<span class=\"elementor-button-text\">CHATEA  CON NOSOTROS <\/span>\n\t\t\t\t\t<\/span>\n\t\t\t\t\t<\/a>\n\t\t\t\t<\/div>\n\t\t\t\t\t\t\t\t<\/div>\n\t\t\t\t<\/div>\n\t\t\t\t\t<\/div>\n\t\t<\/div>\n\t\t\t\t\t<\/div>\n\t\t<\/section>\n\t\t\t\t<section class=\"elementor-section elementor-top-section elementor-element elementor-element-2fd9e4df elementor-section-content-middle elementor-section-boxed elementor-section-height-default elementor-section-height-default\" data-id=\"2fd9e4df\" data-element_type=\"section\">\n\t\t\t\t\t\t<div class=\"elementor-container elementor-column-gap-default\">\n\t\t\t\t\t<div class=\"elementor-column elementor-col-50 elementor-top-column elementor-element elementor-element-ab4e603\" data-id=\"ab4e603\" data-element_type=\"column\">\n\t\t\t<div class=\"elementor-widget-wrap elementor-element-populated\">\n\t\t\t\t\t\t<div class=\"elementor-element elementor-element-218401fd elementor-widget elementor-widget-image\" data-id=\"218401fd\" data-element_type=\"widget\" data-widget_type=\"image.default\">\n\t\t\t\t<div class=\"elementor-widget-container\">\n\t\t\t\t\t\t\t\t\t\t\t\t\t\t\t<img decoding=\"async\" width=\"720\" height=\"465\" src=\"https:\/\/kalvincoffeemaquinaria.com\/wp-content\/uploads\/2023\/07\/WhatsApp-Image-2023-07-06-at-12.30.31-PM.jpeg\" class=\"attachment-medium_large size-medium_large wp-image-5217\" alt=\"\" srcset=\"https:\/\/kalvincoffeemaquinaria.com\/wp-content\/uploads\/2023\/07\/WhatsApp-Image-2023-07-06-at-12.30.31-PM.jpeg 720w, https:\/\/kalvincoffeemaquinaria.com\/wp-content\/uploads\/2023\/07\/WhatsApp-Image-2023-07-06-at-12.30.31-PM-650x420.jpeg 650w\" sizes=\"(max-width: 720px) 100vw, 720px\" \/>\t\t\t\t\t\t\t\t\t\t\t\t\t\t\t<\/div>\n\t\t\t\t<\/div>\n\t\t\t\t\t<\/div>\n\t\t<\/div>\n\t\t\t\t<div class=\"elementor-column elementor-col-50 elementor-top-column elementor-element elementor-element-758505e8\" data-id=\"758505e8\" data-element_type=\"column\">\n\t\t\t<div class=\"elementor-widget-wrap elementor-element-populated\">\n\t\t\t\t\t\t<div class=\"elementor-element elementor-element-66400543 elementor-widget elementor-widget-heading\" data-id=\"66400543\" data-element_type=\"widget\" data-widget_type=\"heading.default\">\n\t\t\t\t<div class=\"elementor-widget-container\">\n\t\t\t\t\t<h2 class=\"elementor-heading-title elementor-size-default\">CANALES CLIENTES POTENCIALES<\/h2>\t\t\t\t<\/div>\n\t\t\t\t<\/div>\n\t\t\t\t<div class=\"elementor-element elementor-element-b2215d elementor-widget elementor-widget-text-editor\" data-id=\"b2215d\" data-element_type=\"widget\" data-widget_type=\"text-editor.default\">\n\t\t\t\t<div class=\"elementor-widget-container\">\n\t\t\t\t\t\t\t\t\t<p>Supermercados, autoservicios, almacenes de cadena, tiendas, cafeter\u00edas, casinos, bingos , finca hoteles, hoteles, restaurantes, colegios estaciones de servicios , cafebar, zonas tur\u00edsticas artesanales, mayoristas entre otros, as\u00ed como las instituciones y entidades de car\u00e1cter publico y privado, con el prop\u00f3sito de comercializar dichos productos en los referidos canales de venta, mediante la estructura log\u00edstica, denominada cl\u00faster de mercado no obstante se le permite subcontratar vendedores, o micro distribuidores, en su zona asignada, que le permita mejorar su expansi\u00f3n, cobertura y organizaci\u00f3n log\u00edstica comercial. actualmente contamos con un mercado objetivo de mas de 2500 en pais, dentro de los cuales se encuentra los distribuidores de Quind\u00edo, Antioquia, Risaralda, Caldas, Cundinamarca y Valle.<\/p>\t\t\t\t\t\t\t\t<\/div>\n\t\t\t\t<\/div>\n\t\t\t\t\t<\/div>\n\t\t<\/div>\n\t\t\t\t\t<\/div>\n\t\t<\/section>\n\t\t\t\t<section class=\"elementor-section elementor-top-section elementor-element elementor-element-34803ec elementor-section-content-middle elementor-section-boxed elementor-section-height-default elementor-section-height-default\" data-id=\"34803ec\" data-element_type=\"section\">\n\t\t\t\t\t\t<div class=\"elementor-container elementor-column-gap-default\">\n\t\t\t\t\t<div class=\"elementor-column elementor-col-50 elementor-top-column elementor-element elementor-element-98821b6\" data-id=\"98821b6\" data-element_type=\"column\">\n\t\t\t<div class=\"elementor-widget-wrap elementor-element-populated\">\n\t\t\t\t\t\t<div class=\"elementor-element elementor-element-49b6cdc elementor-widget elementor-widget-heading\" data-id=\"49b6cdc\" data-element_type=\"widget\" data-widget_type=\"heading.default\">\n\t\t\t\t<div class=\"elementor-widget-container\">\n\t\t\t\t\t<h2 class=\"elementor-heading-title elementor-size-default\">INVERSION DE NEGOCIO PARA EMPRESARIOS<\/h2>\t\t\t\t<\/div>\n\t\t\t\t<\/div>\n\t\t\t\t<div class=\"elementor-element elementor-element-af6116f elementor-widget elementor-widget-text-editor\" data-id=\"af6116f\" data-element_type=\"widget\" data-widget_type=\"text-editor.default\">\n\t\t\t\t<div class=\"elementor-widget-container\">\n\t\t\t\t\t\t\t\t\t<p>La inversi\u00f3n del negoci\u00f3 esta sujeta a la capacidad de la zona que el empresario desea obtener en concepci\u00f3n debemos tener en cuenta que si el empresario desea entrar al mercado de contado obtendr\u00e1 un flujo de caja diario para lo cual su capital de trabajo seria mas bajo si genera cr\u00e9dito, entre 2 y 30 d\u00edas el capital de trabajo podr\u00eda ser tres veces mayor al inicial\u00a0 as\u00ed sucesivamente recuerde que a mayor rotaci\u00f3n mayor ganancia, est\u00e1 inversi\u00f3n va desde 10.000.000 a 150.000.000 millones por zona dependiendo de la extensi\u00f3n a cubrir.\u00a0<\/p>\t\t\t\t\t\t\t\t<\/div>\n\t\t\t\t<\/div>\n\t\t\t\t\t<\/div>\n\t\t<\/div>\n\t\t\t\t<div class=\"elementor-column elementor-col-50 elementor-top-column elementor-element elementor-element-062f41c\" data-id=\"062f41c\" data-element_type=\"column\">\n\t\t\t<div class=\"elementor-widget-wrap elementor-element-populated\">\n\t\t\t\t\t\t<div class=\"elementor-element elementor-element-b3f2cc3 elementor-widget elementor-widget-image\" data-id=\"b3f2cc3\" data-element_type=\"widget\" data-widget_type=\"image.default\">\n\t\t\t\t<div class=\"elementor-widget-container\">\n\t\t\t\t\t\t\t\t\t\t\t\t\t\t\t\t<a href=\"https:\/\/kalvincoffeemaquinaria.com\/?post_type=product\">\n\t\t\t\t\t\t\t<img decoding=\"async\" src=\"https:\/\/kalvincoffeemaquinaria.com\/wp-content\/uploads\/elementor\/thumbs\/empresariosjpg-q8uice5mu1t6zacnq572qubnnzp3187v27ywupb7ps.webp\" title=\"empresariosjpg\" alt=\"empresariosjpg\" loading=\"lazy\" \/>\t\t\t\t\t\t\t\t<\/a>\n\t\t\t\t\t\t\t\t\t\t\t\t\t\t\t<\/div>\n\t\t\t\t<\/div>\n\t\t\t\t\t<\/div>\n\t\t<\/div>\n\t\t\t\t\t<\/div>\n\t\t<\/section>\n\t\t\t\t<\/div>\n\t\t","protected":false},"excerpt":{"rendered":"<p>Distribuciones de Colombia Propuestra Comercial Contrato de Distribuidor Independiente Lineas de Producto Beneficios para el Distribuidor Compromiso del Distribuidor Lista de Precios para el Distribuidor con 30% incluido (el distribuidor tendra libertad de precio para salir al mercado en su zona) Beneficios para la distruibuidora\u00a0 Contrato de distribucion a 5 a\u00f1os\u00a0 Precios especiales para penetrar [&hellip;]<\/p>\n","protected":false},"author":1,"featured_media":0,"parent":0,"menu_order":0,"comment_status":"closed","ping_status":"closed","template":"","meta":{"footnotes":""},"class_list":["post-4914","page","type-page","status-publish","hentry","entry","owp-thumbs-layout-horizontal","owp-btn-normal","owp-tabs-layout-horizontal","has-no-thumbnails","has-product-nav"],"_links":{"self":[{"href":"https:\/\/kalvincoffeemaquinaria.com\/index.php?rest_route=\/wp\/v2\/pages\/4914","targetHints":{"allow":["GET"]}}],"collection":[{"href":"https:\/\/kalvincoffeemaquinaria.com\/index.php?rest_route=\/wp\/v2\/pages"}],"about":[{"href":"https:\/\/kalvincoffeemaquinaria.com\/index.php?rest_route=\/wp\/v2\/types\/page"}],"author":[{"embeddable":true,"href":"https:\/\/kalvincoffeemaquinaria.com\/index.php?rest_route=\/wp\/v2\/users\/1"}],"replies":[{"embeddable":true,"href":"https:\/\/kalvincoffeemaquinaria.com\/index.php?rest_route=%2Fwp%2Fv2%2Fcomments&post=4914"}],"version-history":[{"count":65,"href":"https:\/\/kalvincoffeemaquinaria.com\/index.php?rest_route=\/wp\/v2\/pages\/4914\/revisions"}],"predecessor-version":[{"id":5290,"href":"https:\/\/kalvincoffeemaquinaria.com\/index.php?rest_route=\/wp\/v2\/pages\/4914\/revisions\/5290"}],"wp:attachment":[{"href":"https:\/\/kalvincoffeemaquinaria.com\/index.php?rest_route=%2Fwp%2Fv2%2Fmedia&parent=4914"}],"curies":[{"name":"wp","href":"https:\/\/api.w.org\/{rel}","templated":true}]}}