{"id":4909,"date":"2023-07-02T19:53:34","date_gmt":"2023-07-02T22:53:34","guid":{"rendered":"https:\/\/expokcol.com\/?page_id=4909"},"modified":"2023-07-06T15:22:11","modified_gmt":"2023-07-06T18:22:11","slug":"venta-nacional-de-marca-propia","status":"publish","type":"page","link":"https:\/\/kalvincoffeemaquinaria.com\/?page_id=4909","title":{"rendered":"Venta Nacional de Marca Propia"},"content":{"rendered":"\t\t<div data-elementor-type=\"wp-page\" data-elementor-id=\"4909\" class=\"elementor elementor-4909\">\n\t\t\t\t\t\t<section class=\"elementor-section elementor-top-section elementor-element elementor-element-11c4e16 elementor-section-full_width elementor-section-height-default elementor-section-height-default\" data-id=\"11c4e16\" data-element_type=\"section\">\n\t\t\t\t\t\t<div class=\"elementor-container elementor-column-gap-default\">\n\t\t\t\t\t<div class=\"elementor-column elementor-col-100 elementor-top-column elementor-element elementor-element-56faf09b\" data-id=\"56faf09b\" data-element_type=\"column\">\n\t\t\t<div class=\"elementor-widget-wrap elementor-element-populated\">\n\t\t\t\t\t\t<div class=\"elementor-element elementor-element-67935f62 elementor-arrows-position-inside elementor-pagination-position-outside elementor-widget elementor-widget-image-carousel\" data-id=\"67935f62\" data-element_type=\"widget\" data-settings=\"{&quot;autoplay_speed&quot;:1000,&quot;navigation&quot;:&quot;both&quot;,&quot;autoplay&quot;:&quot;yes&quot;,&quot;pause_on_hover&quot;:&quot;yes&quot;,&quot;pause_on_interaction&quot;:&quot;yes&quot;,&quot;infinite&quot;:&quot;yes&quot;,&quot;speed&quot;:500}\" data-widget_type=\"image-carousel.default\">\n\t\t\t\t<div class=\"elementor-widget-container\">\n\t\t\t\t\t\t\t<div class=\"elementor-image-carousel-wrapper swiper\" role=\"region\" aria-roledescription=\"carousel\" aria-label=\"Carrusel de im\u00e1genes\" dir=\"ltr\">\n\t\t\t<div class=\"elementor-image-carousel swiper-wrapper\" aria-live=\"off\">\n\t\t\t\t\t\t\t\t<div class=\"swiper-slide\" role=\"group\" aria-roledescription=\"slide\" aria-label=\"1 de 4\"><figure class=\"swiper-slide-inner\"><img decoding=\"async\" class=\"swiper-slide-image\" src=\"https:\/\/kalvincoffeemaquinaria.com\/wp-content\/uploads\/2022\/09\/IMG-20200812-WA0017-150x150.jpg\" alt=\"TOSTADORA REF KC-12 5KL- 500 KL bache PARA CAFE Y CACAO\" \/><\/figure><\/div><div class=\"swiper-slide\" role=\"group\" aria-roledescription=\"slide\" aria-label=\"2 de 4\"><figure class=\"swiper-slide-inner\"><img decoding=\"async\" class=\"swiper-slide-image\" src=\"https:\/\/kalvincoffeemaquinaria.com\/wp-content\/uploads\/2022\/09\/IMG-20210830-WA0019-150x150.jpg\" alt=\"Tostadora\" \/><\/figure><\/div><div class=\"swiper-slide\" role=\"group\" aria-roledescription=\"slide\" aria-label=\"3 de 4\"><figure class=\"swiper-slide-inner\"><img decoding=\"async\" class=\"swiper-slide-image\" src=\"https:\/\/kalvincoffeemaquinaria.com\/wp-content\/uploads\/2022\/11\/WhatsApp-Image-2022-10-26-at-6.08.36-PM-1-150x150.jpeg\" alt=\"WhatsApp Image 2022-10-26 at 6.08.36 PM (1)\" \/><\/figure><\/div><div class=\"swiper-slide\" role=\"group\" aria-roledescription=\"slide\" aria-label=\"4 de 4\"><figure class=\"swiper-slide-inner\"><img decoding=\"async\" class=\"swiper-slide-image\" src=\"https:\/\/kalvincoffeemaquinaria.com\/wp-content\/uploads\/2022\/11\/WhatsApp-Image-2022-11-22-at-5.19.51-PM-2-150x150.jpeg\" alt=\"WhatsApp Image 2022-11-22 at 5.19.51 PM (2)\" \/><\/figure><\/div>\t\t\t<\/div>\n\t\t\t\t\t\t\t\t\t\t\t\t<div class=\"elementor-swiper-button elementor-swiper-button-prev\" role=\"button\" tabindex=\"0\">\n\t\t\t\t\t\t<i aria-hidden=\"true\" class=\"eicon-chevron-left\"><\/i>\t\t\t\t\t<\/div>\n\t\t\t\t\t<div class=\"elementor-swiper-button elementor-swiper-button-next\" role=\"button\" tabindex=\"0\">\n\t\t\t\t\t\t<i aria-hidden=\"true\" class=\"eicon-chevron-right\"><\/i>\t\t\t\t\t<\/div>\n\t\t\t\t\n\t\t\t\t\t\t\t\t\t<div class=\"swiper-pagination\"><\/div>\n\t\t\t\t\t\t\t\t\t<\/div>\n\t\t\t\t\t\t<\/div>\n\t\t\t\t<\/div>\n\t\t\t\t\t<\/div>\n\t\t<\/div>\n\t\t\t\t\t<\/div>\n\t\t<\/section>\n\t\t\t\t<section class=\"elementor-section elementor-top-section elementor-element elementor-element-4549d206 elementor-section-content-middle elementor-section-boxed elementor-section-height-default elementor-section-height-default\" data-id=\"4549d206\" data-element_type=\"section\">\n\t\t\t\t\t\t<div class=\"elementor-container elementor-column-gap-default\">\n\t\t\t\t\t<div class=\"elementor-column elementor-col-50 elementor-top-column elementor-element elementor-element-15354b5e\" data-id=\"15354b5e\" data-element_type=\"column\">\n\t\t\t<div class=\"elementor-widget-wrap elementor-element-populated\">\n\t\t\t\t\t\t<div class=\"elementor-element elementor-element-2579bced elementor-widget elementor-widget-heading\" data-id=\"2579bced\" data-element_type=\"widget\" data-widget_type=\"heading.default\">\n\t\t\t\t<div class=\"elementor-widget-container\">\n\t\t\t\t\t<h2 class=\"elementor-heading-title elementor-size-default\">Venta Nacional Marca Propia<\/h2>\t\t\t\t<\/div>\n\t\t\t\t<\/div>\n\t\t\t\t<div class=\"elementor-element elementor-element-1ea8a566 elementor-widget elementor-widget-text-editor\" data-id=\"1ea8a566\" data-element_type=\"widget\" data-widget_type=\"text-editor.default\">\n\t\t\t\t<div class=\"elementor-widget-container\">\n\t\t\t\t\t\t\t\t\t<p>\u00a0Somos una compa\u00f1ia\u00a0 inovadora que produce bienes y servicios de la mejor calidad contamos con todas las normas BPA y normas BPM contamos con\u00a0 los registros de marca , resolucion invima, FDA , GS1, VUSE, FNC.<\/p><p>Resolucion De Inscrpcion Como Trillador y Tostador de Caf\u00e9 Colombiano\u00a0<\/p><p>Registro de exportacion<\/p><p>Certificacion Logo Caf\u00e9 De Colombia<\/p><p><b>CAFECERT<\/b><\/p><p>Denominaci\u00f3n De Origen Caf\u00e9 De Colombia (Do)<\/p><p>Indicaci\u00f3n Geogr\u00e1fica Protegida Caf\u00e9 De Colombia (Igp)<\/p><p>Denominaci\u00f3n De Origen Regional Caf\u00e9 De Colombia (Dor)<\/p><p>Nuestros productos van dirigidos a todos los estractos y canales de distribuci\u00f3n con tamos con\u00a0 3\u00a0 lineas principales de diferentes clidades de caf\u00e9 SOCIAL-ESPECIAL- KIDS diferentes de caf\u00e9 para la venta nacional o internacional todos nuesros productos estan en el mercado con la marca KALVIN COFFEE\u00a0<\/p><figure><figcaption><strong style=\"font-size: 16px; font-style: normal;\">\u00a0<\/strong><\/figcaption><figcaption><\/figcaption><\/figure>\t\t\t\t\t\t\t\t<\/div>\n\t\t\t\t<\/div>\n\t\t\t\t\t<\/div>\n\t\t<\/div>\n\t\t\t\t<div class=\"elementor-column elementor-col-50 elementor-top-column elementor-element elementor-element-6c4943cd\" data-id=\"6c4943cd\" data-element_type=\"column\">\n\t\t\t<div class=\"elementor-widget-wrap elementor-element-populated\">\n\t\t\t\t\t\t<div class=\"elementor-element elementor-element-2911df7 elementor-widget elementor-widget-image\" data-id=\"2911df7\" data-element_type=\"widget\" data-widget_type=\"image.default\">\n\t\t\t\t<div class=\"elementor-widget-container\">\n\t\t\t\t\t\t\t\t\t\t\t\t\t\t\t\t<a href=\"https:\/\/kalvincoffeemaquinaria.com\/?post_type=product\">\n\t\t\t\t\t\t\t<img fetchpriority=\"high\" decoding=\"async\" width=\"720\" height=\"468\" src=\"https:\/\/kalvincoffeemaquinaria.com\/wp-content\/uploads\/2023\/07\/WhatsApp-Image-2023-07-06-at-12.30.30-PM-e1717639039392.jpeg\" class=\"attachment-large size-large wp-image-5215\" alt=\"\" srcset=\"https:\/\/kalvincoffeemaquinaria.com\/wp-content\/uploads\/2023\/07\/WhatsApp-Image-2023-07-06-at-12.30.30-PM-e1717639039392.jpeg 720w, https:\/\/kalvincoffeemaquinaria.com\/wp-content\/uploads\/2023\/07\/WhatsApp-Image-2023-07-06-at-12.30.30-PM-e1717639039392-650x423.jpeg 650w, https:\/\/kalvincoffeemaquinaria.com\/wp-content\/uploads\/2023\/07\/WhatsApp-Image-2023-07-06-at-12.30.30-PM-e1717639039392-300x195.jpeg 300w\" sizes=\"(max-width: 720px) 100vw, 720px\" \/>\t\t\t\t\t\t\t\t<\/a>\n\t\t\t\t\t\t\t\t\t\t\t\t\t\t\t<\/div>\n\t\t\t\t<\/div>\n\t\t\t\t\t<\/div>\n\t\t<\/div>\n\t\t\t\t\t<\/div>\n\t\t<\/section>\n\t\t\t\t<section class=\"elementor-section elementor-top-section elementor-element elementor-element-e7218f3 elementor-section-boxed elementor-section-height-default elementor-section-height-default\" data-id=\"e7218f3\" data-element_type=\"section\">\n\t\t\t\t\t\t<div class=\"elementor-container elementor-column-gap-default\">\n\t\t\t\t\t<div class=\"elementor-column elementor-col-50 elementor-top-column elementor-element elementor-element-db0ee18\" data-id=\"db0ee18\" data-element_type=\"column\">\n\t\t\t<div class=\"elementor-widget-wrap elementor-element-populated\">\n\t\t\t\t\t\t<div class=\"elementor-element elementor-element-f74d186 elementor-widget elementor-widget-image\" data-id=\"f74d186\" data-element_type=\"widget\" data-widget_type=\"image.default\">\n\t\t\t\t<div class=\"elementor-widget-container\">\n\t\t\t\t\t\t\t\t\t\t\t\t\t\t\t<img decoding=\"async\" width=\"720\" height=\"955\" src=\"https:\/\/kalvincoffeemaquinaria.com\/wp-content\/uploads\/2023\/07\/WhatsApp-Image-2023-07-06-at-12.30.30-PM-1.jpeg\" class=\"attachment-large size-large wp-image-5214\" alt=\"\" srcset=\"https:\/\/kalvincoffeemaquinaria.com\/wp-content\/uploads\/2023\/07\/WhatsApp-Image-2023-07-06-at-12.30.30-PM-1.jpeg 720w, https:\/\/kalvincoffeemaquinaria.com\/wp-content\/uploads\/2023\/07\/WhatsApp-Image-2023-07-06-at-12.30.30-PM-1-650x862.jpeg 650w\" sizes=\"(max-width: 720px) 100vw, 720px\" \/>\t\t\t\t\t\t\t\t\t\t\t\t\t\t\t<\/div>\n\t\t\t\t<\/div>\n\t\t\t\t\t<\/div>\n\t\t<\/div>\n\t\t\t\t<div class=\"elementor-column elementor-col-50 elementor-top-column elementor-element elementor-element-a5836c4\" data-id=\"a5836c4\" data-element_type=\"column\">\n\t\t\t<div class=\"elementor-widget-wrap elementor-element-populated\">\n\t\t\t\t\t\t<div class=\"elementor-element elementor-element-184118c elementor-widget elementor-widget-image\" data-id=\"184118c\" data-element_type=\"widget\" data-widget_type=\"image.default\">\n\t\t\t\t<div class=\"elementor-widget-container\">\n\t\t\t\t\t\t\t\t\t\t\t\t\t\t\t<img decoding=\"async\" width=\"720\" height=\"959\" src=\"https:\/\/kalvincoffeemaquinaria.com\/wp-content\/uploads\/2023\/07\/WhatsApp-Image-2023-07-06-at-12.30.30-PM-2.jpeg\" class=\"attachment-large size-large wp-image-5213\" alt=\"\" srcset=\"https:\/\/kalvincoffeemaquinaria.com\/wp-content\/uploads\/2023\/07\/WhatsApp-Image-2023-07-06-at-12.30.30-PM-2.jpeg 720w, https:\/\/kalvincoffeemaquinaria.com\/wp-content\/uploads\/2023\/07\/WhatsApp-Image-2023-07-06-at-12.30.30-PM-2-650x866.jpeg 650w\" sizes=\"(max-width: 720px) 100vw, 720px\" \/>\t\t\t\t\t\t\t\t\t\t\t\t\t\t\t<\/div>\n\t\t\t\t<\/div>\n\t\t\t\t\t<\/div>\n\t\t<\/div>\n\t\t\t\t\t<\/div>\n\t\t<\/section>\n\t\t\t\t<\/div>\n\t\t","protected":false},"excerpt":{"rendered":"<p>Anterior Siguiente Venta Nacional Marca Propia \u00a0Somos una compa\u00f1ia\u00a0 inovadora que produce bienes y servicios de la mejor calidad contamos con todas las normas BPA y normas BPM contamos con\u00a0 los registros de marca , resolucion invima, FDA , GS1, VUSE, FNC. Resolucion De Inscrpcion Como Trillador y Tostador de Caf\u00e9 Colombiano\u00a0 Registro de exportacion [&hellip;]<\/p>\n","protected":false},"author":1,"featured_media":0,"parent":0,"menu_order":0,"comment_status":"closed","ping_status":"closed","template":"","meta":{"footnotes":""},"class_list":["post-4909","page","type-page","status-publish","hentry","entry","owp-thumbs-layout-horizontal","owp-btn-normal","owp-tabs-layout-horizontal","has-no-thumbnails","has-product-nav"],"_links":{"self":[{"href":"https:\/\/kalvincoffeemaquinaria.com\/index.php?rest_route=\/wp\/v2\/pages\/4909","targetHints":{"allow":["GET"]}}],"collection":[{"href":"https:\/\/kalvincoffeemaquinaria.com\/index.php?rest_route=\/wp\/v2\/pages"}],"about":[{"href":"https:\/\/kalvincoffeemaquinaria.com\/index.php?rest_route=\/wp\/v2\/types\/page"}],"author":[{"embeddable":true,"href":"https:\/\/kalvincoffeemaquinaria.com\/index.php?rest_route=\/wp\/v2\/users\/1"}],"replies":[{"embeddable":true,"href":"https:\/\/kalvincoffeemaquinaria.com\/index.php?rest_route=%2Fwp%2Fv2%2Fcomments&post=4909"}],"version-history":[{"count":56,"href":"https:\/\/kalvincoffeemaquinaria.com\/index.php?rest_route=\/wp\/v2\/pages\/4909\/revisions"}],"predecessor-version":[{"id":5281,"href":"https:\/\/kalvincoffeemaquinaria.com\/index.php?rest_route=\/wp\/v2\/pages\/4909\/revisions\/5281"}],"wp:attachment":[{"href":"https:\/\/kalvincoffeemaquinaria.com\/index.php?rest_route=%2Fwp%2Fv2%2Fmedia&parent=4909"}],"curies":[{"name":"wp","href":"https:\/\/api.w.org\/{rel}","templated":true}]}}