{"id":4903,"date":"2023-07-02T19:50:37","date_gmt":"2023-07-02T22:50:37","guid":{"rendered":"https:\/\/expokcol.com\/?page_id=4903"},"modified":"2023-07-06T17:31:45","modified_gmt":"2023-07-06T20:31:45","slug":"diseno-de-bolsa-y-bolsa","status":"publish","type":"page","link":"https:\/\/kalvincoffeemaquinaria.com\/?page_id=4903","title":{"rendered":"Dise\u00f1o de Bolsa y Bolsa"},"content":{"rendered":"\t\t<div data-elementor-type=\"wp-page\" data-elementor-id=\"4903\" class=\"elementor elementor-4903\">\n\t\t\t\t\t\t<section class=\"elementor-section elementor-top-section elementor-element elementor-element-6e1a565 elementor-section-content-middle elementor-section-boxed elementor-section-height-default elementor-section-height-default\" data-id=\"6e1a565\" data-element_type=\"section\">\n\t\t\t\t\t\t<div class=\"elementor-container elementor-column-gap-default\">\n\t\t\t\t\t<div class=\"elementor-column elementor-col-50 elementor-top-column elementor-element elementor-element-4db0f6f3\" data-id=\"4db0f6f3\" data-element_type=\"column\">\n\t\t\t<div class=\"elementor-widget-wrap elementor-element-populated\">\n\t\t\t\t\t\t<div class=\"elementor-element elementor-element-39550644 elementor-widget elementor-widget-heading\" data-id=\"39550644\" data-element_type=\"widget\" data-widget_type=\"heading.default\">\n\t\t\t\t<div class=\"elementor-widget-container\">\n\t\t\t\t\t<h2 class=\"elementor-heading-title elementor-size-default\">FABRICACI\u00d3N Y DISE\u00d1O DE EMPAQUES.<\/h2>\t\t\t\t<\/div>\n\t\t\t\t<\/div>\n\t\t\t\t<div class=\"elementor-element elementor-element-4e7ecf26 elementor-widget elementor-widget-text-editor\" data-id=\"4e7ecf26\" data-element_type=\"widget\" data-widget_type=\"text-editor.default\">\n\t\t\t\t<div class=\"elementor-widget-container\">\n\t\t\t\t\t\t\t\t\t<p>Ponemos a tu disposicion nuestros dise\u00f1adores para prestarte un mejor servicio y puedas seleccionar tu propio dise\u00f1o o arte grafico del mismo.<\/p><p>Utilizamos\u00a0<strong>bolsas de caf\u00e9 que son biodegradables y amigables con el medio ambiente\u00a0<\/strong>\u00a0tienen una base de hermosos dise\u00f1os y medidas de peso estandariazadas o al gusto de nuestrosa clintes,nuestros dise\u00f1adores te asesoran en la creacion de logo he imagen corporativa manejando los estandares de calidad y rotulado exigidos por ley tanto anivel nacional como nivel internacional. con el conocimiento y la experiencia propia de mas de 32 a\u00f1os en el mercado ajustandonos a las normas internacionales establecidas en la actualidad.<\/p><p><span style=\"font-style: inherit; font-weight: inherit; color: var( --e-global-color-astglobalcolor8 ); font-family: var( --e-global-typography-text-font-family ), Sans-serif; background-color: var(--ast-global-color-4);\">Puedes obtener tus empaques impresos\u00a0 en peque\u00f1as cantidades desde 300 unidades impresas hasta el promedio de escala solicitado por el cliente o con etiquetas impresas para adherir al gusto del cliente.<\/span><\/p><p>El tama\u00f1o de las bolsas est\u00e1 calculado y prebiamente dise\u00f1ado deacuerdo a la presentacion solicitada por nuestros clientes estas presentaciones pueden ir hasta de 10 <b>gr<\/b> a 50000 <b>gr<\/b> para\u00a0 caf\u00e9 molido, en grano o verde.<\/p><p>envios nacionales y\/o internacional<\/p><p>\u00a0<\/p>\t\t\t\t\t\t\t\t<\/div>\n\t\t\t\t<\/div>\n\t\t\t\t\t<\/div>\n\t\t<\/div>\n\t\t\t\t<div class=\"elementor-column elementor-col-50 elementor-top-column elementor-element elementor-element-2dede3be\" data-id=\"2dede3be\" data-element_type=\"column\">\n\t\t\t<div class=\"elementor-widget-wrap elementor-element-populated\">\n\t\t\t\t\t\t<div class=\"elementor-element elementor-element-22e7b68f elementor-widget elementor-widget-image\" data-id=\"22e7b68f\" data-element_type=\"widget\" data-widget_type=\"image.default\">\n\t\t\t\t<div class=\"elementor-widget-container\">\n\t\t\t\t\t\t\t\t\t\t\t\t\t\t\t\t<a href=\"https:\/\/kalvincoffeemaquinaria.com\/?post_type=product\">\n\t\t\t\t\t\t\t<img fetchpriority=\"high\" decoding=\"async\" width=\"718\" height=\"676\" src=\"https:\/\/kalvincoffeemaquinaria.com\/wp-content\/uploads\/2023\/07\/WhatsApp-Image-2023-07-05-at-10.22.11-AM.jpeg\" class=\"attachment-2048x2048 size-2048x2048 wp-image-5083\" alt=\"\" srcset=\"https:\/\/kalvincoffeemaquinaria.com\/wp-content\/uploads\/2023\/07\/WhatsApp-Image-2023-07-05-at-10.22.11-AM.jpeg 718w, https:\/\/kalvincoffeemaquinaria.com\/wp-content\/uploads\/2023\/07\/WhatsApp-Image-2023-07-05-at-10.22.11-AM-650x612.jpeg 650w\" sizes=\"(max-width: 718px) 100vw, 718px\" \/>\t\t\t\t\t\t\t\t<\/a>\n\t\t\t\t\t\t\t\t\t\t\t\t\t\t\t<\/div>\n\t\t\t\t<\/div>\n\t\t\t\t\t<\/div>\n\t\t<\/div>\n\t\t\t\t\t<\/div>\n\t\t<\/section>\n\t\t\t\t<section class=\"elementor-section elementor-top-section elementor-element elementor-element-ffe2d21 elementor-section-boxed elementor-section-height-default elementor-section-height-default\" data-id=\"ffe2d21\" data-element_type=\"section\">\n\t\t\t\t\t\t<div class=\"elementor-container elementor-column-gap-default\">\n\t\t\t\t\t<div class=\"elementor-column elementor-col-50 elementor-top-column elementor-element elementor-element-36afabf\" data-id=\"36afabf\" data-element_type=\"column\">\n\t\t\t<div class=\"elementor-widget-wrap elementor-element-populated\">\n\t\t\t\t\t\t<div class=\"elementor-element elementor-element-f19b232 elementor-widget elementor-widget-image\" data-id=\"f19b232\" data-element_type=\"widget\" data-widget_type=\"image.default\">\n\t\t\t\t<div class=\"elementor-widget-container\">\n\t\t\t\t\t\t\t\t\t\t\t\t\t\t\t<img decoding=\"async\" width=\"1024\" height=\"971\" src=\"https:\/\/kalvincoffeemaquinaria.com\/wp-content\/uploads\/2023\/07\/WhatsApp-Image-2023-07-05-at-10.22.10-AM.jpeg\" class=\"attachment-large size-large wp-image-5085\" alt=\"\" srcset=\"https:\/\/kalvincoffeemaquinaria.com\/wp-content\/uploads\/2023\/07\/WhatsApp-Image-2023-07-05-at-10.22.10-AM.jpeg 1080w, https:\/\/kalvincoffeemaquinaria.com\/wp-content\/uploads\/2023\/07\/WhatsApp-Image-2023-07-05-at-10.22.10-AM-650x616.jpeg 650w\" sizes=\"(max-width: 1024px) 100vw, 1024px\" \/>\t\t\t\t\t\t\t\t\t\t\t\t\t\t\t<\/div>\n\t\t\t\t<\/div>\n\t\t\t\t\t<\/div>\n\t\t<\/div>\n\t\t\t\t<div class=\"elementor-column elementor-col-50 elementor-top-column elementor-element elementor-element-c89b9fc\" data-id=\"c89b9fc\" data-element_type=\"column\">\n\t\t\t<div class=\"elementor-widget-wrap elementor-element-populated\">\n\t\t\t\t\t\t<div class=\"elementor-element elementor-element-9246cb0 elementor-widget elementor-widget-image\" data-id=\"9246cb0\" data-element_type=\"widget\" data-widget_type=\"image.default\">\n\t\t\t\t<div class=\"elementor-widget-container\">\n\t\t\t\t\t\t\t\t\t\t\t\t\t\t\t<img decoding=\"async\" width=\"1024\" height=\"963\" src=\"https:\/\/kalvincoffeemaquinaria.com\/wp-content\/uploads\/2023\/07\/WhatsApp-Image-2023-07-05-at-10.22.10-AM-1.jpeg\" class=\"attachment-large size-large wp-image-5084\" alt=\"\" srcset=\"https:\/\/kalvincoffeemaquinaria.com\/wp-content\/uploads\/2023\/07\/WhatsApp-Image-2023-07-05-at-10.22.10-AM-1.jpeg 1080w, https:\/\/kalvincoffeemaquinaria.com\/wp-content\/uploads\/2023\/07\/WhatsApp-Image-2023-07-05-at-10.22.10-AM-1-650x611.jpeg 650w\" sizes=\"(max-width: 1024px) 100vw, 1024px\" \/>\t\t\t\t\t\t\t\t\t\t\t\t\t\t\t<\/div>\n\t\t\t\t<\/div>\n\t\t\t\t\t<\/div>\n\t\t<\/div>\n\t\t\t\t\t<\/div>\n\t\t<\/section>\n\t\t\t\t<section class=\"elementor-section elementor-top-section elementor-element elementor-element-4552162 elementor-section-boxed elementor-section-height-default elementor-section-height-default\" data-id=\"4552162\" data-element_type=\"section\">\n\t\t\t\t\t\t<div class=\"elementor-container elementor-column-gap-default\">\n\t\t\t\t\t<div class=\"elementor-column elementor-col-100 elementor-top-column elementor-element elementor-element-8103839\" data-id=\"8103839\" data-element_type=\"column\">\n\t\t\t<div class=\"elementor-widget-wrap elementor-element-populated\">\n\t\t\t\t\t\t<div class=\"elementor-element elementor-element-17bf697 elementor-widget elementor-widget-image\" data-id=\"17bf697\" data-element_type=\"widget\" data-widget_type=\"image.default\">\n\t\t\t\t<div class=\"elementor-widget-container\">\n\t\t\t\t\t\t\t\t\t\t\t\t\t\t\t<img loading=\"lazy\" decoding=\"async\" width=\"720\" height=\"964\" src=\"https:\/\/kalvincoffeemaquinaria.com\/wp-content\/uploads\/2023\/07\/WhatsApp-Image-2023-07-06-at-12.55.16-PM-2-1.jpeg\" class=\"attachment-large size-large wp-image-5312\" alt=\"\" srcset=\"https:\/\/kalvincoffeemaquinaria.com\/wp-content\/uploads\/2023\/07\/WhatsApp-Image-2023-07-06-at-12.55.16-PM-2-1.jpeg 720w, https:\/\/kalvincoffeemaquinaria.com\/wp-content\/uploads\/2023\/07\/WhatsApp-Image-2023-07-06-at-12.55.16-PM-2-1-650x870.jpeg 650w\" sizes=\"(max-width: 720px) 100vw, 720px\" \/>\t\t\t\t\t\t\t\t\t\t\t\t\t\t\t<\/div>\n\t\t\t\t<\/div>\n\t\t\t\t\t<\/div>\n\t\t<\/div>\n\t\t\t\t\t<\/div>\n\t\t<\/section>\n\t\t\t\t<\/div>\n\t\t","protected":false},"excerpt":{"rendered":"<p>FABRICACI\u00d3N Y DISE\u00d1O DE EMPAQUES. Ponemos a tu disposicion nuestros dise\u00f1adores para prestarte un mejor servicio y puedas seleccionar tu propio dise\u00f1o o arte grafico del mismo. Utilizamos\u00a0bolsas de caf\u00e9 que son biodegradables y amigables con el medio ambiente\u00a0\u00a0tienen una base de hermosos dise\u00f1os y medidas de peso estandariazadas o al gusto de nuestrosa clintes,nuestros [&hellip;]<\/p>\n","protected":false},"author":1,"featured_media":0,"parent":0,"menu_order":0,"comment_status":"closed","ping_status":"closed","template":"","meta":{"footnotes":""},"class_list":["post-4903","page","type-page","status-publish","hentry","entry","owp-thumbs-layout-horizontal","owp-btn-normal","owp-tabs-layout-horizontal","has-no-thumbnails","has-product-nav"],"_links":{"self":[{"href":"https:\/\/kalvincoffeemaquinaria.com\/index.php?rest_route=\/wp\/v2\/pages\/4903","targetHints":{"allow":["GET"]}}],"collection":[{"href":"https:\/\/kalvincoffeemaquinaria.com\/index.php?rest_route=\/wp\/v2\/pages"}],"about":[{"href":"https:\/\/kalvincoffeemaquinaria.com\/index.php?rest_route=\/wp\/v2\/types\/page"}],"author":[{"embeddable":true,"href":"https:\/\/kalvincoffeemaquinaria.com\/index.php?rest_route=\/wp\/v2\/users\/1"}],"replies":[{"embeddable":true,"href":"https:\/\/kalvincoffeemaquinaria.com\/index.php?rest_route=%2Fwp%2Fv2%2Fcomments&post=4903"}],"version-history":[{"count":26,"href":"https:\/\/kalvincoffeemaquinaria.com\/index.php?rest_route=\/wp\/v2\/pages\/4903\/revisions"}],"predecessor-version":[{"id":5315,"href":"https:\/\/kalvincoffeemaquinaria.com\/index.php?rest_route=\/wp\/v2\/pages\/4903\/revisions\/5315"}],"wp:attachment":[{"href":"https:\/\/kalvincoffeemaquinaria.com\/index.php?rest_route=%2Fwp%2Fv2%2Fmedia&parent=4903"}],"curies":[{"name":"wp","href":"https:\/\/api.w.org\/{rel}","templated":true}]}}