{"id":4898,"date":"2023-07-02T19:52:25","date_gmt":"2023-07-02T22:52:25","guid":{"rendered":"https:\/\/expokcol.com\/?page_id=4898"},"modified":"2023-10-25T11:47:49","modified_gmt":"2023-10-25T14:47:49","slug":"maguila","status":"publish","type":"page","link":"https:\/\/kalvincoffeemaquinaria.com\/?page_id=4898","title":{"rendered":"Maquila"},"content":{"rendered":"\t\t<div data-elementor-type=\"wp-page\" data-elementor-id=\"4898\" class=\"elementor elementor-4898\">\n\t\t\t\t\t\t<section class=\"elementor-section elementor-top-section elementor-element elementor-element-4ee03292 elementor-section-content-middle elementor-section-boxed elementor-section-height-default elementor-section-height-default\" data-id=\"4ee03292\" data-element_type=\"section\">\n\t\t\t\t\t\t<div class=\"elementor-container elementor-column-gap-default\">\n\t\t\t\t\t<div class=\"elementor-column elementor-col-50 elementor-top-column elementor-element elementor-element-110cebbc\" data-id=\"110cebbc\" data-element_type=\"column\">\n\t\t\t<div class=\"elementor-widget-wrap elementor-element-populated\">\n\t\t\t\t\t\t<div class=\"elementor-element elementor-element-204428a2 elementor-widget elementor-widget-heading\" data-id=\"204428a2\" data-element_type=\"widget\" data-widget_type=\"heading.default\">\n\t\t\t\t<div class=\"elementor-widget-container\">\n\t\t\t\t\t<h2 class=\"elementor-heading-title elementor-size-xxl\">MAQUILA<\/h2>\t\t\t\t<\/div>\n\t\t\t\t<\/div>\n\t\t\t\t<div class=\"elementor-element elementor-element-62428b56 elementor-widget elementor-widget-text-editor\" data-id=\"62428b56\" data-element_type=\"widget\" data-widget_type=\"text-editor.default\">\n\t\t\t\t<div class=\"elementor-widget-container\">\n\t\t\t\t\t\t\t\t\t<p>La compa\u00f1ia pone a su disposcicion todos los recursos y acompa\u00f1amiento necesario para realizar todos los procesos de transformacion del grano de caf\u00e9 y cacao para todos los caficultores y exportadores de colombia y del mundo con la mejor tecnologia de punta, y personal altamente calificado y certificados para todos aquellos clientes actuales como potenciales puedan salir con sus marcas propias o blancas al mercado nacional o internacional dentro de esto se incluyen nuevos emprendedores o empresarios si conocimiento alguno\u00a0 que desean dise\u00f1ar, producir productos y servicios nuevos\u00a0 con la mas alta calidad\u00a0 a nivel mundial.<\/p><p>Nuestra compa\u00f1ia les ense\u00f1a toda la logistica desde principio hasta fin.<\/p>\t\t\t\t\t\t\t\t<\/div>\n\t\t\t\t<\/div>\n\t\t\t\t\t<\/div>\n\t\t<\/div>\n\t\t\t\t<div class=\"elementor-column elementor-col-50 elementor-top-column elementor-element elementor-element-2f394317\" data-id=\"2f394317\" data-element_type=\"column\">\n\t\t\t<div class=\"elementor-widget-wrap elementor-element-populated\">\n\t\t\t\t\t\t<div class=\"elementor-element elementor-element-2a371e52 elementor-widget elementor-widget-image\" data-id=\"2a371e52\" data-element_type=\"widget\" data-widget_type=\"image.default\">\n\t\t\t\t<div class=\"elementor-widget-container\">\n\t\t\t\t\t\t\t\t\t\t\t\t\t\t\t\t<a href=\"https:\/\/kalvincoffeemaquinaria.com\/?post_type=product\">\n\t\t\t\t\t\t\t<img fetchpriority=\"high\" decoding=\"async\" width=\"720\" height=\"472\" src=\"https:\/\/kalvincoffeemaquinaria.com\/wp-content\/uploads\/2023\/07\/WhatsApp-Image-2023-07-06-at-12.55.21-PM-1.jpeg\" class=\"attachment-medium_large size-medium_large wp-image-5254\" alt=\"\" srcset=\"https:\/\/kalvincoffeemaquinaria.com\/wp-content\/uploads\/2023\/07\/WhatsApp-Image-2023-07-06-at-12.55.21-PM-1.jpeg 720w, https:\/\/kalvincoffeemaquinaria.com\/wp-content\/uploads\/2023\/07\/WhatsApp-Image-2023-07-06-at-12.55.21-PM-1-650x426.jpeg 650w\" sizes=\"(max-width: 720px) 100vw, 720px\" \/>\t\t\t\t\t\t\t\t<\/a>\n\t\t\t\t\t\t\t\t\t\t\t\t\t\t\t<\/div>\n\t\t\t\t<\/div>\n\t\t\t\t<div class=\"elementor-element elementor-element-8b23c0f elementor-widget elementor-widget-spacer\" data-id=\"8b23c0f\" data-element_type=\"widget\" data-widget_type=\"spacer.default\">\n\t\t\t\t<div class=\"elementor-widget-container\">\n\t\t\t\t\t\t\t<div class=\"elementor-spacer\">\n\t\t\t<div class=\"elementor-spacer-inner\"><\/div>\n\t\t<\/div>\n\t\t\t\t\t\t<\/div>\n\t\t\t\t<\/div>\n\t\t\t\t\t<\/div>\n\t\t<\/div>\n\t\t\t\t\t<\/div>\n\t\t<\/section>\n\t\t\t\t<\/div>\n\t\t","protected":false},"excerpt":{"rendered":"<p>MAQUILA La compa\u00f1ia pone a su disposcicion todos los recursos y acompa\u00f1amiento necesario para realizar todos los procesos de transformacion del grano de caf\u00e9 y cacao para todos los caficultores y exportadores de colombia y del mundo con la mejor tecnologia de punta, y personal altamente calificado y certificados para todos aquellos clientes actuales como [&hellip;]<\/p>\n","protected":false},"author":1,"featured_media":0,"parent":0,"menu_order":0,"comment_status":"closed","ping_status":"closed","template":"","meta":{"footnotes":""},"class_list":["post-4898","page","type-page","status-publish","hentry","entry","owp-thumbs-layout-horizontal","owp-btn-normal","owp-tabs-layout-horizontal","has-no-thumbnails","has-product-nav"],"_links":{"self":[{"href":"https:\/\/kalvincoffeemaquinaria.com\/index.php?rest_route=\/wp\/v2\/pages\/4898","targetHints":{"allow":["GET"]}}],"collection":[{"href":"https:\/\/kalvincoffeemaquinaria.com\/index.php?rest_route=\/wp\/v2\/pages"}],"about":[{"href":"https:\/\/kalvincoffeemaquinaria.com\/index.php?rest_route=\/wp\/v2\/types\/page"}],"author":[{"embeddable":true,"href":"https:\/\/kalvincoffeemaquinaria.com\/index.php?rest_route=\/wp\/v2\/users\/1"}],"replies":[{"embeddable":true,"href":"https:\/\/kalvincoffeemaquinaria.com\/index.php?rest_route=%2Fwp%2Fv2%2Fcomments&post=4898"}],"version-history":[{"count":42,"href":"https:\/\/kalvincoffeemaquinaria.com\/index.php?rest_route=\/wp\/v2\/pages\/4898\/revisions"}],"predecessor-version":[{"id":5353,"href":"https:\/\/kalvincoffeemaquinaria.com\/index.php?rest_route=\/wp\/v2\/pages\/4898\/revisions\/5353"}],"wp:attachment":[{"href":"https:\/\/kalvincoffeemaquinaria.com\/index.php?rest_route=%2Fwp%2Fv2%2Fmedia&parent=4898"}],"curies":[{"name":"wp","href":"https:\/\/api.w.org\/{rel}","templated":true}]}}