{"id":4883,"date":"2023-07-02T19:52:00","date_gmt":"2023-07-02T22:52:00","guid":{"rendered":"https:\/\/expokcol.com\/?page_id=4883"},"modified":"2023-07-05T11:21:41","modified_gmt":"2023-07-05T14:21:41","slug":"exportaciones","status":"publish","type":"page","link":"https:\/\/kalvincoffeemaquinaria.com\/?page_id=4883","title":{"rendered":"Exportaciones"},"content":{"rendered":"\t\t<div data-elementor-type=\"wp-page\" data-elementor-id=\"4883\" class=\"elementor elementor-4883\">\n\t\t\t\t\t\t<section class=\"elementor-section elementor-top-section elementor-element elementor-element-6967fe35 elementor-section-content-middle elementor-section-boxed elementor-section-height-default elementor-section-height-default\" data-id=\"6967fe35\" data-element_type=\"section\">\n\t\t\t\t\t\t<div class=\"elementor-container elementor-column-gap-default\">\n\t\t\t\t\t<div class=\"elementor-column elementor-col-50 elementor-top-column elementor-element elementor-element-92293c0\" data-id=\"92293c0\" data-element_type=\"column\">\n\t\t\t<div class=\"elementor-widget-wrap elementor-element-populated\">\n\t\t\t\t\t\t<div class=\"elementor-element elementor-element-c8f930e elementor-widget elementor-widget-heading\" data-id=\"c8f930e\" data-element_type=\"widget\" data-widget_type=\"heading.default\">\n\t\t\t\t<div class=\"elementor-widget-container\">\n\t\t\t\t\t<h2 class=\"elementor-heading-title elementor-size-default\">Exportaci\u00f3n<\/h2>\t\t\t\t<\/div>\n\t\t\t\t<\/div>\n\t\t\t\t<div class=\"elementor-element elementor-element-6bbbd3b9 elementor-widget elementor-widget-text-editor\" data-id=\"6bbbd3b9\" data-element_type=\"widget\" data-widget_type=\"text-editor.default\">\n\t\t\t\t<div class=\"elementor-widget-container\">\n\t\t\t\t\t\t\t\t\t<p>Lideres en exportaciones a nivel internacional en el eje cafetero, exportamos tu marca blanca o marca propia a cualquier parte del mundo , exportaciones de caf\u00e9 tostado, molido y\/o en grano.<\/p><p>Exporataciones de caf\u00e9 verde en sacos de 70 KL.<\/p><p>Exportaciones de producto colombia de 62,5 KL.<\/p><p>Todas las exp\u00f3rtaciones se realizan via aerea o maritima.<\/p><p>Todas solicitud de muestras deberan ser consignadas antes de su envio minimo 10 KL.<\/p><p>Con nuestra compa\u00f1ia no tendras que hacer ningun tipo de tramite aduanero entregamos en la puerta de tu negocio o residencia.<\/p><p>\u00a0<\/p>\t\t\t\t\t\t\t\t<\/div>\n\t\t\t\t<\/div>\n\t\t\t\t\t<\/div>\n\t\t<\/div>\n\t\t\t\t<div class=\"elementor-column elementor-col-50 elementor-top-column elementor-element elementor-element-312464e1\" data-id=\"312464e1\" data-element_type=\"column\">\n\t\t\t<div class=\"elementor-widget-wrap elementor-element-populated\">\n\t\t\t\t\t\t<div class=\"elementor-element elementor-element-1c657ff elementor-widget elementor-widget-image\" data-id=\"1c657ff\" data-element_type=\"widget\" data-widget_type=\"image.default\">\n\t\t\t\t<div class=\"elementor-widget-container\">\n\t\t\t\t\t\t\t\t\t\t\t\t\t\t\t\t<a href=\"https:\/\/kalvincoffeemaquinaria.com\/?post_type=product\">\n\t\t\t\t\t\t\t<img fetchpriority=\"high\" decoding=\"async\" width=\"768\" height=\"493\" src=\"https:\/\/kalvincoffeemaquinaria.com\/wp-content\/uploads\/2023\/07\/Exportar-cafe-a-Estados-Unidos.jpg\" class=\"attachment-medium_large size-medium_large wp-image-5063\" alt=\"\" srcset=\"https:\/\/kalvincoffeemaquinaria.com\/wp-content\/uploads\/2023\/07\/Exportar-cafe-a-Estados-Unidos.jpg 1079w, https:\/\/kalvincoffeemaquinaria.com\/wp-content\/uploads\/2023\/07\/Exportar-cafe-a-Estados-Unidos-650x417.jpg 650w\" sizes=\"(max-width: 768px) 100vw, 768px\" \/>\t\t\t\t\t\t\t\t<\/a>\n\t\t\t\t\t\t\t\t\t\t\t\t\t\t\t<\/div>\n\t\t\t\t<\/div>\n\t\t\t\t\t<\/div>\n\t\t<\/div>\n\t\t\t\t\t<\/div>\n\t\t<\/section>\n\t\t\t\t<section class=\"elementor-section elementor-top-section elementor-element elementor-element-234c36d elementor-section-content-middle elementor-section-boxed elementor-section-height-default elementor-section-height-default\" data-id=\"234c36d\" data-element_type=\"section\">\n\t\t\t\t\t\t<div class=\"elementor-container elementor-column-gap-default\">\n\t\t\t\t\t<div class=\"elementor-column elementor-col-50 elementor-top-column elementor-element elementor-element-326c3d71\" data-id=\"326c3d71\" data-element_type=\"column\">\n\t\t\t<div class=\"elementor-widget-wrap elementor-element-populated\">\n\t\t\t\t\t\t<div class=\"elementor-element elementor-element-25d61e05 elementor-widget elementor-widget-image\" data-id=\"25d61e05\" data-element_type=\"widget\" data-widget_type=\"image.default\">\n\t\t\t\t<div class=\"elementor-widget-container\">\n\t\t\t\t\t\t\t\t\t\t\t\t\t\t\t<img decoding=\"async\" src=\"https:\/\/kalvincoffeemaquinaria.com\/wp-content\/uploads\/elementor\/thumbs\/WhatsApp-Image-2023-01-14-at-9.14.45-AM-3-q0njm0nzph1ivbw493apdnu8libyl3ej2pkgz0e3ds.jpeg\" title=\"WhatsApp Image 2023-01-14 at 9.14.45 AM (3)\" alt=\"WhatsApp Image 2023-01-14 at 9.14.45 AM (3)\" loading=\"lazy\" \/>\t\t\t\t\t\t\t\t\t\t\t\t\t\t\t<\/div>\n\t\t\t\t<\/div>\n\t\t\t\t\t<\/div>\n\t\t<\/div>\n\t\t\t\t<div class=\"elementor-column elementor-col-50 elementor-top-column elementor-element elementor-element-4cd9f3da\" data-id=\"4cd9f3da\" data-element_type=\"column\">\n\t\t\t<div class=\"elementor-widget-wrap elementor-element-populated\">\n\t\t\t\t\t\t<div class=\"elementor-element elementor-element-3c021798 elementor-widget elementor-widget-heading\" data-id=\"3c021798\" data-element_type=\"widget\" data-widget_type=\"heading.default\">\n\t\t\t\t<div class=\"elementor-widget-container\">\n\t\t\t\t\t<h2 class=\"elementor-heading-title elementor-size-default\">ASESOR\u00cdAS PARA\nMONTAJE DE PLANTAS\nPROCESADORA DE CAF\u00c9<\/h2>\t\t\t\t<\/div>\n\t\t\t\t<\/div>\n\t\t\t\t<div class=\"elementor-element elementor-element-74dd9a0c elementor-widget elementor-widget-text-editor\" data-id=\"74dd9a0c\" data-element_type=\"widget\" data-widget_type=\"text-editor.default\">\n\t\t\t\t<div class=\"elementor-widget-container\">\n\t\t\t\t\t\t\t\t\t<p>Prestamos asesor\u00edas en el montaje de plantas procesadoras de caf\u00e9, capacitaci\u00f3n en el manejo de las diferentes maquinas procesadoras.<\/p>\t\t\t\t\t\t\t\t<\/div>\n\t\t\t\t<\/div>\n\t\t\t\t\t<\/div>\n\t\t<\/div>\n\t\t\t\t\t<\/div>\n\t\t<\/section>\n\t\t\t\t<\/div>\n\t\t","protected":false},"excerpt":{"rendered":"<p>Exportaci\u00f3n Lideres en exportaciones a nivel internacional en el eje cafetero, exportamos tu marca blanca o marca propia a cualquier parte del mundo , exportaciones de caf\u00e9 tostado, molido y\/o en grano. Exporataciones de caf\u00e9 verde en sacos de 70 KL. Exportaciones de producto colombia de 62,5 KL. Todas las exp\u00f3rtaciones se realizan via aerea [&hellip;]<\/p>\n","protected":false},"author":1,"featured_media":0,"parent":0,"menu_order":0,"comment_status":"closed","ping_status":"closed","template":"","meta":{"footnotes":""},"class_list":["post-4883","page","type-page","status-publish","hentry","entry","owp-thumbs-layout-horizontal","owp-btn-normal","owp-tabs-layout-horizontal","has-no-thumbnails","has-product-nav"],"_links":{"self":[{"href":"https:\/\/kalvincoffeemaquinaria.com\/index.php?rest_route=\/wp\/v2\/pages\/4883","targetHints":{"allow":["GET"]}}],"collection":[{"href":"https:\/\/kalvincoffeemaquinaria.com\/index.php?rest_route=\/wp\/v2\/pages"}],"about":[{"href":"https:\/\/kalvincoffeemaquinaria.com\/index.php?rest_route=\/wp\/v2\/types\/page"}],"author":[{"embeddable":true,"href":"https:\/\/kalvincoffeemaquinaria.com\/index.php?rest_route=\/wp\/v2\/users\/1"}],"replies":[{"embeddable":true,"href":"https:\/\/kalvincoffeemaquinaria.com\/index.php?rest_route=%2Fwp%2Fv2%2Fcomments&post=4883"}],"version-history":[{"count":23,"href":"https:\/\/kalvincoffeemaquinaria.com\/index.php?rest_route=\/wp\/v2\/pages\/4883\/revisions"}],"predecessor-version":[{"id":5072,"href":"https:\/\/kalvincoffeemaquinaria.com\/index.php?rest_route=\/wp\/v2\/pages\/4883\/revisions\/5072"}],"wp:attachment":[{"href":"https:\/\/kalvincoffeemaquinaria.com\/index.php?rest_route=%2Fwp%2Fv2%2Fmedia&parent=4883"}],"curies":[{"name":"wp","href":"https:\/\/api.w.org\/{rel}","templated":true}]}}