{"id":4391,"date":"2022-08-12T15:42:47","date_gmt":"2022-08-12T18:42:47","guid":{"rendered":"https:\/\/expokcol.com\/?page_id=4391"},"modified":"2023-07-06T15:06:29","modified_gmt":"2023-07-06T18:06:29","slug":"nosotros","status":"publish","type":"page","link":"https:\/\/kalvincoffeemaquinaria.com\/?page_id=4391","title":{"rendered":"Nosotros"},"content":{"rendered":"\t\t<div data-elementor-type=\"wp-page\" data-elementor-id=\"4391\" class=\"elementor elementor-4391\">\n\t\t\t\t\t\t<section class=\"elementor-section elementor-top-section elementor-element elementor-element-4d91d0f elementor-section-height-min-height elementor-section-content-middle elementor-section-boxed elementor-section-height-default elementor-section-items-middle\" data-id=\"4d91d0f\" data-element_type=\"section\">\n\t\t\t\t\t\t<div class=\"elementor-container elementor-column-gap-default\">\n\t\t\t\t\t<div class=\"elementor-column elementor-col-50 elementor-top-column elementor-element elementor-element-542678a\" data-id=\"542678a\" data-element_type=\"column\">\n\t\t\t<div class=\"elementor-widget-wrap elementor-element-populated\">\n\t\t\t\t\t\t<div class=\"elementor-element elementor-element-6f04123 elementor-widget elementor-widget-heading\" data-id=\"6f04123\" data-element_type=\"widget\" data-widget_type=\"heading.default\">\n\t\t\t\t<div class=\"elementor-widget-container\">\n\t\t\t\t\t<h2 class=\"elementor-heading-title elementor-size-default\">NOSOTROS<\/h2>\t\t\t\t<\/div>\n\t\t\t\t<\/div>\n\t\t\t\t<div class=\"elementor-element elementor-element-65464f5 elementor-widget elementor-widget-text-editor\" data-id=\"65464f5\" data-element_type=\"widget\" data-widget_type=\"text-editor.default\">\n\t\t\t\t<div class=\"elementor-widget-container\">\n\t\t\t\t\t\t\t\t\t<p>Nuestras compa\u00f1\u00edas son un gremio que naci\u00f3 hace m\u00e1s de 29 a\u00f1os como persona natural bajo el nombre propio de su creador, Jorge Iv\u00e1n Acosta Toro, durante este tiempo se han creado 4 grandes empresas asociadas, c\u00f3mo son Caf\u00e9 Aromas del Quind\u00edo S.A.S., Maquilar Com<span style=\"font-style: inherit; font-weight: inherit; color: var( --e-global-color-astglobalcolor8 ); font-family: var( --e-global-typography-text-font-family ), Sans-serif; background-color: var(--ast-global-color-4);\">pany S.A.S., EAC Company S.A.S., y ahora la nueva\u00a0<\/span><span style=\"font-style: inherit; font-weight: inherit; color: var( --e-global-color-astglobalcolor8 ); font-family: var( --e-global-typography-text-font-family ), Sans-serif; background-color: var(--ast-global-color-4);\">EXPOKCOL S.A.S. con sede en Colombia y Chile, la cual se\u00a0<\/span><span style=\"font-style: inherit; font-weight: inherit; color: var( --e-global-color-astglobalcolor8 ); font-family: var( --e-global-typography-text-font-family ), Sans-serif; background-color: var(--ast-global-color-4);\">dedica a la exportaci\u00f3n de caf\u00e9 internacionalmente,\u00a0<\/span><span style=\"font-style: inherit; font-weight: inherit; color: var( --e-global-color-astglobalcolor8 ); font-family: var( --e-global-typography-text-font-family ), Sans-serif; background-color: var(--ast-global-color-4);\">cuenta con distribuidores en EE.UU., Canad\u00e1, Chile, M\u00e9xico y Espa\u00f1a; nuestra compa\u00f1\u00eda ha desarrollado un amplio\u00a0<\/span><span style=\"font-style: inherit; font-weight: inherit; color: var( --e-global-color-astglobalcolor8 ); font-family: var( --e-global-typography-text-font-family ), Sans-serif; background-color: var(--ast-global-color-4);\">portafolio de servicios, acorde a todas las necesidades de todos sus clientes; apoyamos a todo el sector cafetero en la exportacion de sus cosechas al mejor precio.<\/span><\/p>\t\t\t\t\t\t\t\t<\/div>\n\t\t\t\t<\/div>\n\t\t\t\t\t<\/div>\n\t\t<\/div>\n\t\t\t\t<div class=\"elementor-column elementor-col-50 elementor-top-column elementor-element elementor-element-e892bf5\" data-id=\"e892bf5\" data-element_type=\"column\">\n\t\t\t<div class=\"elementor-widget-wrap elementor-element-populated\">\n\t\t\t\t\t\t<div class=\"elementor-element elementor-element-c1c7d10 elementor-widget elementor-widget-image\" data-id=\"c1c7d10\" data-element_type=\"widget\" data-widget_type=\"image.default\">\n\t\t\t\t<div class=\"elementor-widget-container\">\n\t\t\t\t\t\t\t\t\t\t\t\t\t\t\t<img fetchpriority=\"high\" decoding=\"async\" width=\"333\" height=\"500\" src=\"https:\/\/kalvincoffeemaquinaria.com\/wp-content\/uploads\/2022\/08\/WhatsApp-Image-2022-08-19-at-12.51.28-PM-2.jpeg\" class=\"attachment-large size-large wp-image-4691\" alt=\"\" \/>\t\t\t\t\t\t\t\t\t\t\t\t\t\t\t<\/div>\n\t\t\t\t<\/div>\n\t\t\t\t\t<\/div>\n\t\t<\/div>\n\t\t\t\t\t<\/div>\n\t\t<\/section>\n\t\t\t\t<section class=\"elementor-section elementor-top-section elementor-element elementor-element-78df6e7 elementor-section-boxed elementor-section-height-default elementor-section-height-default\" data-id=\"78df6e7\" data-element_type=\"section\">\n\t\t\t\t\t\t<div class=\"elementor-container elementor-column-gap-default\">\n\t\t\t\t\t<div class=\"elementor-column elementor-col-50 elementor-top-column elementor-element elementor-element-45ac906\" data-id=\"45ac906\" data-element_type=\"column\">\n\t\t\t<div class=\"elementor-widget-wrap elementor-element-populated\">\n\t\t\t\t\t\t<div class=\"elementor-element elementor-element-c7abad0 elementor-widget elementor-widget-image\" data-id=\"c7abad0\" data-element_type=\"widget\" data-widget_type=\"image.default\">\n\t\t\t\t<div class=\"elementor-widget-container\">\n\t\t\t\t\t\t\t\t\t\t\t\t\t\t\t<img decoding=\"async\" width=\"720\" height=\"476\" src=\"https:\/\/kalvincoffeemaquinaria.com\/wp-content\/uploads\/2023\/07\/WhatsApp-Image-2023-07-06-at-12.55.15-PM-1.jpeg\" class=\"attachment-medium_large size-medium_large wp-image-5232\" alt=\"\" srcset=\"https:\/\/kalvincoffeemaquinaria.com\/wp-content\/uploads\/2023\/07\/WhatsApp-Image-2023-07-06-at-12.55.15-PM-1.jpeg 720w, https:\/\/kalvincoffeemaquinaria.com\/wp-content\/uploads\/2023\/07\/WhatsApp-Image-2023-07-06-at-12.55.15-PM-1-650x430.jpeg 650w\" sizes=\"(max-width: 720px) 100vw, 720px\" \/>\t\t\t\t\t\t\t\t\t\t\t\t\t\t\t<\/div>\n\t\t\t\t<\/div>\n\t\t\t\t\t<\/div>\n\t\t<\/div>\n\t\t\t\t<div class=\"elementor-column elementor-col-50 elementor-top-column elementor-element elementor-element-082cfe1\" data-id=\"082cfe1\" data-element_type=\"column\">\n\t\t\t<div class=\"elementor-widget-wrap elementor-element-populated\">\n\t\t\t\t\t\t<div class=\"elementor-element elementor-element-1e897d3 elementor-widget elementor-widget-heading\" data-id=\"1e897d3\" data-element_type=\"widget\" data-widget_type=\"heading.default\">\n\t\t\t\t<div class=\"elementor-widget-container\">\n\t\t\t\t\t<h2 class=\"elementor-heading-title elementor-size-default\">NUESTRA EXPERIENCIA<\/h2>\t\t\t\t<\/div>\n\t\t\t\t<\/div>\n\t\t\t\t<div class=\"elementor-element elementor-element-6ca320d elementor-widget elementor-widget-heading\" data-id=\"6ca320d\" data-element_type=\"widget\" data-widget_type=\"heading.default\">\n\t\t\t\t<div class=\"elementor-widget-container\">\n\t\t\t\t\t<h6 class=\"elementor-heading-title elementor-size-default\">Contamos con una estructura empresarial\norganizada, un equipo de trabajo s\u00f3lido,\nresponsable y efectivo, nuestro personal\ndebidamente capacitado, maquinaria y\nequipos necesarios para nuestra producci\u00f3n.\nQuien nos lidera cuenta con una experiencia\nde m\u00e1s de 29 a\u00f1os en el sector empresarial\nde la trasformaci\u00f3n del grano de caf\u00e9,\nconocimiento en maquinaria, equipos y\ntecnolog\u00eda para la producci\u00f3n del mismo;\nconoce a fondo a los competidores y sus\nproductos, costos de producci\u00f3n, adquisici\u00f3n\nde materias primas, capacidad de consumo\nnacional, y penetraci\u00f3n del mercado del caf\u00e9\nen Colombia y en otros pa\u00edses. Experiencia en\nimportantes compa\u00f1\u00edas como Nutresa, La\nBastilla, Nacional De Chocolates entre otras.<\/h6>\t\t\t\t<\/div>\n\t\t\t\t<\/div>\n\t\t\t\t\t<\/div>\n\t\t<\/div>\n\t\t\t\t\t<\/div>\n\t\t<\/section>\n\t\t\t\t<section class=\"elementor-section elementor-top-section elementor-element elementor-element-a206627 elementor-section-boxed elementor-section-height-default elementor-section-height-default\" data-id=\"a206627\" data-element_type=\"section\">\n\t\t\t\t\t\t<div class=\"elementor-container elementor-column-gap-default\">\n\t\t\t\t\t<div class=\"elementor-column elementor-col-100 elementor-top-column elementor-element elementor-element-b09c2cf\" data-id=\"b09c2cf\" data-element_type=\"column\">\n\t\t\t<div class=\"elementor-widget-wrap elementor-element-populated\">\n\t\t\t\t\t\t<div class=\"elementor-element elementor-element-5c1dcf7 elementor-widget elementor-widget-image\" data-id=\"5c1dcf7\" data-element_type=\"widget\" data-widget_type=\"image.default\">\n\t\t\t\t<div class=\"elementor-widget-container\">\n\t\t\t\t\t\t\t\t\t\t\t\t\t\t\t<img decoding=\"async\" width=\"768\" height=\"491\" src=\"https:\/\/kalvincoffeemaquinaria.com\/wp-content\/uploads\/2022\/08\/Anotacion-2022-08-17-142749.jpg\" class=\"attachment-medium_large size-medium_large wp-image-4472\" alt=\"\" srcset=\"https:\/\/kalvincoffeemaquinaria.com\/wp-content\/uploads\/2022\/08\/Anotacion-2022-08-17-142749.jpg 786w, https:\/\/kalvincoffeemaquinaria.com\/wp-content\/uploads\/2022\/08\/Anotacion-2022-08-17-142749-650x415.jpg 650w\" sizes=\"(max-width: 768px) 100vw, 768px\" \/>\t\t\t\t\t\t\t\t\t\t\t\t\t\t\t<\/div>\n\t\t\t\t<\/div>\n\t\t\t\t\t<\/div>\n\t\t<\/div>\n\t\t\t\t\t<\/div>\n\t\t<\/section>\n\t\t\t\t<section class=\"elementor-section elementor-top-section elementor-element elementor-element-a85c92d elementor-section-boxed elementor-section-height-default elementor-section-height-default\" data-id=\"a85c92d\" data-element_type=\"section\">\n\t\t\t\t\t\t<div class=\"elementor-container elementor-column-gap-default\">\n\t\t\t\t\t<div class=\"elementor-column elementor-col-50 elementor-top-column elementor-element elementor-element-6c0d641\" data-id=\"6c0d641\" data-element_type=\"column\">\n\t\t\t<div class=\"elementor-widget-wrap elementor-element-populated\">\n\t\t\t\t\t\t<div class=\"elementor-element elementor-element-993f70c elementor-widget elementor-widget-heading\" data-id=\"993f70c\" data-element_type=\"widget\" data-widget_type=\"heading.default\">\n\t\t\t\t<div class=\"elementor-widget-container\">\n\t\t\t\t\t<h2 class=\"elementor-heading-title elementor-size-default\">REGISTROS,\nBENEFICIOS, Y CERTIFICACIONES<\/h2>\t\t\t\t<\/div>\n\t\t\t\t<\/div>\n\t\t\t\t<div class=\"elementor-element elementor-element-2d899dc elementor-widget elementor-widget-text-editor\" data-id=\"2d899dc\" data-element_type=\"widget\" data-widget_type=\"text-editor.default\">\n\t\t\t\t<div class=\"elementor-widget-container\">\n\t\t\t\t\t\t\t\t\t<p>Nuestra compa\u00f1\u00eda est\u00e1 registrada ante c\u00e1mara de comercio de<br \/>Armenia Quind\u00edo, como una S.A.S y cuenta con el beneficio del Zese;<br \/>as\u00ed mismo todas nuestras marcas cuentan con todos los registros<br \/>de ley: Registro c\u00e1mara de comercio, Invima, Registro y<br \/>Certificado FDA, Certificado de venta libre (CVL), Registros de<br \/>Federaci\u00f3n Nacional de Cafeteros de Colombia (FNC), Registro<br \/>Nacional de Exportadores de Caf\u00e9, Certificado de Origen,<br \/>GS1, c\u00f3digos de barra, facturaci\u00f3n electr\u00f3nica,<br \/>firma digital Certic\u00e1maras, C\u00f3digo de registro antinarc\u00f3ticos,<br \/>entre otros.<\/p>\t\t\t\t\t\t\t\t<\/div>\n\t\t\t\t<\/div>\n\t\t\t\t\t<\/div>\n\t\t<\/div>\n\t\t\t\t<div class=\"elementor-column elementor-col-50 elementor-top-column elementor-element elementor-element-7949fbc\" data-id=\"7949fbc\" data-element_type=\"column\">\n\t\t\t<div class=\"elementor-widget-wrap elementor-element-populated\">\n\t\t\t\t\t\t<div class=\"elementor-element elementor-element-17ce35b elementor-widget elementor-widget-image\" data-id=\"17ce35b\" data-element_type=\"widget\" data-widget_type=\"image.default\">\n\t\t\t\t<div class=\"elementor-widget-container\">\n\t\t\t\t\t\t\t\t\t\t\t\t\t\t\t<img loading=\"lazy\" decoding=\"async\" width=\"782\" height=\"510\" src=\"https:\/\/kalvincoffeemaquinaria.com\/wp-content\/uploads\/2022\/08\/Anotacion-2022-08-17-143522.jpg\" class=\"attachment-large size-large wp-image-4473\" alt=\"\" srcset=\"https:\/\/kalvincoffeemaquinaria.com\/wp-content\/uploads\/2022\/08\/Anotacion-2022-08-17-143522.jpg 782w, https:\/\/kalvincoffeemaquinaria.com\/wp-content\/uploads\/2022\/08\/Anotacion-2022-08-17-143522-650x424.jpg 650w\" sizes=\"(max-width: 782px) 100vw, 782px\" \/>\t\t\t\t\t\t\t\t\t\t\t\t\t\t\t<\/div>\n\t\t\t\t<\/div>\n\t\t\t\t\t<\/div>\n\t\t<\/div>\n\t\t\t\t\t<\/div>\n\t\t<\/section>\n\t\t\t\t<\/div>\n\t\t","protected":false},"excerpt":{"rendered":"<p>NOSOTROS Nuestras compa\u00f1\u00edas son un gremio que naci\u00f3 hace m\u00e1s de 29 a\u00f1os como persona natural bajo el nombre propio de su creador, Jorge Iv\u00e1n Acosta Toro, durante este tiempo se han creado 4 grandes empresas asociadas, c\u00f3mo son Caf\u00e9 Aromas del Quind\u00edo S.A.S., Maquilar Company S.A.S., EAC Company S.A.S., y ahora la nueva\u00a0EXPOKCOL S.A.S. [&hellip;]<\/p>\n","protected":false},"author":1,"featured_media":0,"parent":0,"menu_order":0,"comment_status":"closed","ping_status":"closed","template":"","meta":{"footnotes":""},"class_list":["post-4391","page","type-page","status-publish","hentry","entry","owp-thumbs-layout-horizontal","owp-btn-normal","owp-tabs-layout-horizontal","has-no-thumbnails","has-product-nav"],"_links":{"self":[{"href":"https:\/\/kalvincoffeemaquinaria.com\/index.php?rest_route=\/wp\/v2\/pages\/4391","targetHints":{"allow":["GET"]}}],"collection":[{"href":"https:\/\/kalvincoffeemaquinaria.com\/index.php?rest_route=\/wp\/v2\/pages"}],"about":[{"href":"https:\/\/kalvincoffeemaquinaria.com\/index.php?rest_route=\/wp\/v2\/types\/page"}],"author":[{"embeddable":true,"href":"https:\/\/kalvincoffeemaquinaria.com\/index.php?rest_route=\/wp\/v2\/users\/1"}],"replies":[{"embeddable":true,"href":"https:\/\/kalvincoffeemaquinaria.com\/index.php?rest_route=%2Fwp%2Fv2%2Fcomments&post=4391"}],"version-history":[{"count":29,"href":"https:\/\/kalvincoffeemaquinaria.com\/index.php?rest_route=\/wp\/v2\/pages\/4391\/revisions"}],"predecessor-version":[{"id":5271,"href":"https:\/\/kalvincoffeemaquinaria.com\/index.php?rest_route=\/wp\/v2\/pages\/4391\/revisions\/5271"}],"wp:attachment":[{"href":"https:\/\/kalvincoffeemaquinaria.com\/index.php?rest_route=%2Fwp%2Fv2%2Fmedia&parent=4391"}],"curies":[{"name":"wp","href":"https:\/\/api.w.org\/{rel}","templated":true}]}}